{"id":774,"date":"2022-12-28T09:11:17","date_gmt":"2022-12-28T09:11:17","guid":{"rendered":"https:\/\/avirato.com\/EN\/solicitud-oferta-de-empleo\/"},"modified":"2023-03-30T15:49:16","modified_gmt":"2023-03-30T15:49:16","slug":"solicitud-oferta-de-empleo","status":"publish","type":"page","link":"https:\/\/avirato.com\/EN\/solicitud-oferta-de-empleo\/","title":{"rendered":"Solicitud Oferta de Empleo"},"content":{"rendered":"\t\t<div data-elementor-type=\"wp-post\" data-elementor-id=\"774\" class=\"elementor elementor-774\" data-elementor-post-type=\"page\">\n\t\t\t\t\t\t<section class=\"elementor-section elementor-top-section elementor-element elementor-element-676f8bf6 elementor-section-boxed elementor-section-height-default elementor-section-height-default\" data-id=\"676f8bf6\" data-element_type=\"section\" data-e-type=\"section\" data-settings=\"{&quot;background_background&quot;:&quot;classic&quot;,&quot;shape_divider_bottom_negative&quot;:&quot;yes&quot;,&quot;shape_divider_bottom&quot;:&quot;curve&quot;}\">\n\t\t\t\t\t\t\t<div class=\"elementor-background-overlay\"><\/div>\n\t\t\t\t\t\t<div class=\"elementor-shape elementor-shape-bottom\" aria-hidden=\"true\" data-negative=\"true\">\n\t\t\t<svg xmlns=\"http:\/\/www.w3.org\/2000\/svg\" viewBox=\"0 0 1000 100\" preserveAspectRatio=\"none\">\n\t<path class=\"elementor-shape-fill\" d=\"M500,97C126.7,96.3,0.8,19.8,0,0v100l1000,0V1C1000,19.4,873.3,97.8,500,97z\"\/>\n<\/svg>\t\t<\/div>\n\t\t\t\t\t<div class=\"elementor-container elementor-column-gap-default\">\n\t\t\t\t\t<div class=\"elementor-column elementor-col-100 elementor-top-column elementor-element elementor-element-51c6d5c\" data-id=\"51c6d5c\" data-element_type=\"column\" data-e-type=\"column\" data-settings=\"{&quot;background_background&quot;:&quot;classic&quot;}\">\n\t\t\t<div class=\"elementor-widget-wrap elementor-element-populated\">\n\t\t\t\t\t\t<div class=\"elementor-element elementor-element-3b8bfd3d elementor-widget elementor-widget-heading\" data-id=\"3b8bfd3d\" data-element_type=\"widget\" data-e-type=\"widget\" data-widget_type=\"heading.default\">\n\t\t\t\t<div class=\"elementor-widget-container\">\n\t\t\t\t\t<h1 class=\"elementor-heading-title elementor-size-default\">\u00bfQuieres trabajar con nosotros?<\/h1>\t\t\t\t<\/div>\n\t\t\t\t<\/div>\n\t\t\t\t<div class=\"elementor-element elementor-element-1c6f6c27 elementor-widget elementor-widget-text-editor\" data-id=\"1c6f6c27\" data-element_type=\"widget\" data-e-type=\"widget\" data-widget_type=\"text-editor.default\">\n\t\t\t\t<div class=\"elementor-widget-container\">\n\t\t\t\t\t\t\t\t\t<p class=\"p1\">Selecciona la oferta a la que quieres inscribirte y adjunta tu CV.<\/p>\t\t\t\t\t\t\t\t<\/div>\n\t\t\t\t<\/div>\n\t\t\t\t\t<\/div>\n\t\t<\/div>\n\t\t\t\t\t<\/div>\n\t\t<\/section>\n\t\t\t\t<section class=\"elementor-section elementor-top-section elementor-element elementor-element-5b1cf678 elementor-section-stretched animated-slow elementor-section-boxed elementor-section-height-default elementor-section-height-default elementor-invisible\" data-id=\"5b1cf678\" data-element_type=\"section\" data-e-type=\"section\" data-settings=\"{&quot;background_background&quot;:&quot;classic&quot;,&quot;stretch_section&quot;:&quot;section-stretched&quot;,&quot;animation&quot;:&quot;fadeInUp&quot;,&quot;animation_delay&quot;:50}\">\n\t\t\t\t\t\t<div class=\"elementor-container elementor-column-gap-default\">\n\t\t\t\t\t<div class=\"elementor-column elementor-col-100 elementor-top-column elementor-element elementor-element-3b692947\" data-id=\"3b692947\" data-element_type=\"column\" data-e-type=\"column\" data-settings=\"{&quot;background_background&quot;:&quot;classic&quot;}\">\n\t\t\t<div class=\"elementor-widget-wrap elementor-element-populated\">\n\t\t\t\t\t\t<div class=\"elementor-element elementor-element-12502658 av-discord-hook elementor-button-align-stretch elementor-widget elementor-widget-form\" data-id=\"12502658\" data-element_type=\"widget\" data-e-type=\"widget\" data-settings=\"{&quot;step_next_label&quot;:&quot;Next&quot;,&quot;step_previous_label&quot;:&quot;Previous&quot;,&quot;button_width&quot;:&quot;100&quot;,&quot;step_type&quot;:&quot;number_text&quot;,&quot;step_icon_shape&quot;:&quot;circle&quot;}\" data-widget_type=\"form.default\">\n\t\t\t\t<div class=\"elementor-widget-container\">\n\t\t\t\t\t\t\t<form class=\"elementor-form\" method=\"post\" name=\"Empleo Avirato\" aria-label=\"Empleo Avirato\">\n\t\t\t<input type=\"hidden\" name=\"post_id\" value=\"774\"\/>\n\t\t\t<input type=\"hidden\" name=\"form_id\" value=\"12502658\"\/>\n\t\t\t<input type=\"hidden\" name=\"referer_title\" value=\"Solicitud Oferta de Empleo - Hotel Management Software\" \/>\n\n\t\t\t\t\t\t\t<input type=\"hidden\" name=\"queried_id\" value=\"774\"\/>\n\t\t\t\n\t\t\t<div class=\"elementor-form-fields-wrapper elementor-labels-above\">\n\t\t\t\t\t\t\t\t<div class=\"elementor-field-type-text elementor-field-group elementor-column elementor-field-group-Nombre_Apellidos elementor-col-100\">\n\t\t\t\t\t\t\t\t\t\t\t\t\t<input size=\"1\" type=\"text\" name=\"form_fields[Nombre_Apellidos]\" id=\"form-field-Nombre_Apellidos\" class=\"elementor-field elementor-size-sm  elementor-field-textual\" placeholder=\"Nombre y Apellidos\">\n\t\t\t\t\t\t\t\t\t\t\t<\/div>\n\t\t\t\t\t\t\t\t<div class=\"elementor-field-type-email elementor-field-group elementor-column elementor-field-group-Email elementor-col-100 elementor-field-required\">\n\t\t\t\t\t\t\t\t\t\t\t\t\t<input size=\"1\" type=\"email\" name=\"form_fields[Email]\" id=\"form-field-Email\" class=\"elementor-field elementor-size-sm  elementor-field-textual\" placeholder=\"Email\" required=\"required\">\n\t\t\t\t\t\t\t\t\t\t\t<\/div>\n\t\t\t\t\t\t\t\t<div class=\"elementor-field-type-tel elementor-field-group elementor-column elementor-field-group-Telefono elementor-col-100 elementor-field-required\">\n\t\t\t\t\t\t\t<input size=\"1\" type=\"tel\" name=\"form_fields[Telefono]\" id=\"form-field-Telefono\" class=\"elementor-field elementor-size-sm  elementor-field-textual\" placeholder=\"Tel\u00e9fono\" required=\"required\" pattern=\"[0-9()#&amp;+*-=.]+\" title=\"Only numbers and phone characters (#, -, *, etc) are accepted.\">\n\n\t\t\t\t\t\t<\/div>\n\t\t\t\t\t\t\t\t<div class=\"elementor-field-type-select elementor-field-group elementor-column elementor-field-group-Seleccionar elementor-col-100\">\n\t\t\t\t\t\t\t<div class=\"elementor-field elementor-select-wrapper remove-before \">\n\t\t\t<div class=\"select-caret-down-wrapper\">\n\t\t\t\t<svg aria-hidden=\"true\" class=\"e-font-icon-svg e-eicon-caret-down\" viewBox=\"0 0 571.4 571.4\" xmlns=\"http:\/\/www.w3.org\/2000\/svg\"><path d=\"M571 393Q571 407 561 418L311 668Q300 679 286 679T261 668L11 418Q0 407 0 393T11 368 36 357H536Q550 357 561 368T571 393Z\"><\/path><\/svg>\t\t\t<\/div>\n\t\t\t<select name=\"form_fields[Seleccionar]\" id=\"form-field-Seleccionar\" class=\"elementor-field-textual elementor-size-sm\">\n\t\t\t\t\t\t\t\t\t<option value=\"Seleccionar oferta\">Seleccionar oferta<\/option>\n\t\t\t\t\t\t\t\t\t<option value=\"Comercial de Ventas\">Comercial de Ventas<\/option>\n\t\t\t\t\t\t\t\t\t<option value=\"Programador PHP, Laravel\">Programador PHP, Laravel<\/option>\n\t\t\t\t\t\t\t\t\t<option value=\"Programador PHP\/MySQL\/jQuery\">Programador PHP\/MySQL\/jQuery<\/option>\n\t\t\t\t\t\t\t\t\t<option value=\"QA (Quality Assurance)\">QA (Quality Assurance)<\/option>\n\t\t\t\t\t\t\t\t\t<option value=\"Teleoperador@\/soporte t\u00e9cnico \u2013 Ingl\u00e9s avanzado\">Teleoperador@\/soporte t\u00e9cnico \u2013 Ingl\u00e9s avanzado<\/option>\n\t\t\t\t\t\t\t\t\t<option value=\"Teleoperador venta por tel\u00e9fono\">Teleoperador venta por tel\u00e9fono<\/option>\n\t\t\t\t\t\t\t\t\t<option value=\"Dise\u00f1ador Web\/WordPress\">Dise\u00f1ador Web\/WordPress<\/option>\n\t\t\t\t\t\t\t<\/select>\n\t\t<\/div>\n\t\t\t\t\t\t<\/div>\n\t\t\t\t\t\t\t\t<div class=\"elementor-field-type-text elementor-field-group elementor-column elementor-field-group-Mensaje elementor-col-100\">\n\t\t\t\t\t\t\t\t\t\t\t\t\t<input size=\"1\" type=\"text\" name=\"form_fields[Mensaje]\" id=\"form-field-Mensaje\" class=\"elementor-field elementor-size-sm  elementor-field-textual\" placeholder=\"Mensaje\">\n\t\t\t\t\t\t\t\t\t\t\t<\/div>\n\t\t\t\t\t\t\t\t<div class=\"elementor-field-type-upload elementor-field-group elementor-column elementor-field-group-field_1 elementor-col-100\">\n\t\t\t\t\t\t\t<input type=\"file\" name=\"form_fields[field_1]\" id=\"form-field-field_1\" class=\"elementor-field elementor-size-sm  elementor-upload-field\" data-maxsize=\"1\" data-maxsize-message=\"This file exceeds the maximum allowed size.\">\n\n\t\t\t\t\t\t<\/div>\n\t\t\t\t\t\t\t\t<div class=\"elementor-field-type-acceptance elementor-field-group elementor-column elementor-field-group-field_2 elementor-col-100 elementor-field-required\">\n\t\t\t\t\t\t\t<div class=\"elementor-field-subgroup\">\n\t\t\t<span class=\"elementor-field-option\">\n\t\t\t\t<input type=\"checkbox\" name=\"form_fields[field_2]\" id=\"form-field-field_2\" class=\"elementor-field elementor-size-sm  elementor-acceptance-field\" required=\"required\">\n\t\t\t\t<label for=\"form-field-field_2\">Acepto el tratamiento de mis datos en base a los <a href=\"https:\/\/avirato.com\/aviso-legal\"target=\"blank\">t\u00e9rminos y condiciones<a\/> y la <a href=\"https:\/\/avirato.com\/politica-de-privacidad\"target=\"blank\">pol\u00edtica de privacidad<a\/>.\n\n<\/label>\t\t\t<\/span>\n\t\t<\/div>\n\t\t\t\t\t\t<\/div>\n\t\t\t\t\t\t\t\t<div class=\"elementor-field-group elementor-column elementor-field-type-submit elementor-col-100 e-form__buttons\">\n\t\t\t\t\t<button class=\"elementor-button elementor-size-sm\" type=\"submit\" id=\"av_butonform\">\n\t\t\t\t\t\t<span class=\"elementor-button-content-wrapper\">\n\t\t\t\t\t\t\t\t\t\t\t\t\t\t\t\t\t\t\t\t\t\t<span class=\"elementor-button-text\">Enviar<\/span>\n\t\t\t\t\t\t\t\t\t\t\t\t\t<\/span>\n\t\t\t\t\t<\/button>\n\t\t\t\t<\/div>\n\t\t\t<\/div>\n\t\t<\/form>\n\t\t\t\t\t\t<\/div>\n\t\t\t\t<\/div>\n\t\t\t\t\t<\/div>\n\t\t<\/div>\n\t\t\t\t\t<\/div>\n\t\t<\/section>\n\t\t\t\t<section class=\"elementor-section elementor-inner-section elementor-element elementor-element-4c8ed79 elementor-section-boxed elementor-section-height-default elementor-section-height-default\" data-id=\"4c8ed79\" data-element_type=\"section\" data-e-type=\"section\">\n\t\t\t\t\t\t<div class=\"elementor-container elementor-column-gap-default\">\n\t\t\t\t\t<div class=\"elementor-column elementor-col-100 elementor-inner-column elementor-element elementor-element-2962e900\" data-id=\"2962e900\" data-element_type=\"column\" data-e-type=\"column\">\n\t\t\t<div class=\"elementor-widget-wrap elementor-element-populated\">\n\t\t\t\t\t\t<div class=\"elementor-element elementor-element-4c5f5694 elementor-widget elementor-widget-text-editor\" data-id=\"4c5f5694\" data-element_type=\"widget\" data-e-type=\"widget\" data-widget_type=\"text-editor.default\">\n\t\t\t\t<div class=\"elementor-widget-container\">\n\t\t\t\t\t\t\t\t\t<p>En Avirato tenemos nuestra misi\u00f3n y nuestro camino, pero te necesitamos para poder cumplirlo.<\/p><p>Si te gusta lo que haces, te encanta aprender y ayudar por igual, y quieres ayudarnos a seguir construyendo y ofreciendo a los clientes las mejores herramientas para la gesti\u00f3n de sus negocios, eres la persona que buscamos.<\/p><p>No te lo pienses m\u00e1s y s\u00famate a un equipo joven pero experimentado, preparado, ambicioso y \u00a0comprometido a dar lo mejor de nosotros mismos y ofrecer un producto excepcional a nuestros clientes.<\/p><p>Aqu\u00ed podr\u00e1s trabajar en muchos proyectos diferentes, cambiar de funci\u00f3n y seguir creciendo como profesional sin ponerte techo.<\/p><p>Queremos gente con ideas, con una visi\u00f3n particular y que trabaje en equipo con entusiasmo. Siempre estamos buscando la manera de mejorar nosotros y mejorar lo que hacemos. Sea lo que sea que hagamos hoy, podremos hacerlo mejor ma\u00f1ana.<\/p><p>Encontrar soluciones, inventar nuevos productos y servicios que antes ni se imaginaban, es una fuente de inspiraci\u00f3n que nos permite lanzarnos al siguiente desaf\u00edo.<\/p><p><span style=\"font-weight: bold;\">\u00bfTe vienes?\u00a0<img decoding=\"async\" class=\"emoji\" draggable=\"false\" src=\"https:\/\/s.w.org\/images\/core\/emoji\/12.0.0-1\/svg\/1f642.svg\" alt=\"\ud83d\ude42\" \/><\/span><\/p>\t\t\t\t\t\t\t\t<\/div>\n\t\t\t\t<\/div>\n\t\t\t\t\t<\/div>\n\t\t<\/div>\n\t\t\t\t\t<\/div>\n\t\t<\/section>\n\t\t\t\t<\/div>\n\t\t","protected":false},"excerpt":{"rendered":"<p>\u00bfQuieres trabajar con nosotros? Selecciona la oferta a la que quieres inscribirte y adjunta tu CV. En Avirato tenemos nuestra misi\u00f3n y nuestro camino, pero te necesitamos para poder cumplirlo. Si te gusta lo que haces, te encanta aprender y ayudar por igual, y quieres ayudarnos a seguir construyendo y ofreciendo a los clientes las [&hellip;]<\/p>\n","protected":false},"author":1,"featured_media":0,"parent":0,"menu_order":0,"comment_status":"closed","ping_status":"closed","template":"elementor_header_footer","meta":{"_acf_changed":false,"footnotes":""},"class_list":["post-774","page","type-page","status-publish","hentry"],"acf":[],"yoast_head":"<!-- This site is optimized with the Yoast SEO Premium plugin v20.4 (Yoast SEO v27.3) - https:\/\/yoast.com\/product\/yoast-seo-premium-wordpress\/ -->\n<title>Solicitud Oferta de Empleo - Hotel Management Software<\/title>\n<meta name=\"robots\" content=\"index, follow, max-snippet:-1, max-image-preview:large, max-video-preview:-1\" \/>\n<link rel=\"canonical\" href=\"https:\/\/avirato.com\/EN\/solicitud-oferta-de-empleo\/\" \/>\n<meta property=\"og:locale\" content=\"en_GB\" \/>\n<meta property=\"og:type\" content=\"article\" \/>\n<meta property=\"og:title\" content=\"Solicitud Oferta de Empleo\" \/>\n<meta property=\"og:description\" content=\"\u00bfQuieres trabajar con nosotros? Selecciona la oferta a la que quieres inscribirte y adjunta tu CV. En Avirato tenemos nuestra misi\u00f3n y nuestro camino, pero te necesitamos para poder cumplirlo. Si te gusta lo que haces, te encanta aprender y ayudar por igual, y quieres ayudarnos a seguir construyendo y ofreciendo a los clientes las [&hellip;]\" \/>\n<meta property=\"og:url\" content=\"https:\/\/avirato.com\/EN\/solicitud-oferta-de-empleo\/\" \/>\n<meta property=\"og:site_name\" content=\"Hotel Management Software\" \/>\n<meta property=\"article:publisher\" content=\"https:\/\/www.facebook.com\/AviratoSoftware\" \/>\n<meta property=\"article:modified_time\" content=\"2023-03-30T15:49:16+00:00\" \/>\n<meta property=\"og:image\" content=\"https:\/\/s.w.org\/images\/core\/emoji\/12.0.0-1\/svg\/1f642.svg\" \/>\n<meta name=\"twitter:card\" content=\"summary_large_image\" \/>\n<meta name=\"twitter:site\" content=\"@aviratosoftware\" \/>\n<script type=\"application\/ld+json\" class=\"yoast-schema-graph\">{\"@context\":\"https:\\\/\\\/schema.org\",\"@graph\":[{\"@type\":\"WebPage\",\"@id\":\"https:\\\/\\\/avirato.com\\\/EN\\\/solicitud-oferta-de-empleo\\\/\",\"url\":\"https:\\\/\\\/avirato.com\\\/EN\\\/solicitud-oferta-de-empleo\\\/\",\"name\":\"Solicitud Oferta de Empleo - Hotel Management Software\",\"isPartOf\":{\"@id\":\"https:\\\/\\\/avirato.com\\\/EN\\\/#website\"},\"primaryImageOfPage\":{\"@id\":\"https:\\\/\\\/avirato.com\\\/EN\\\/solicitud-oferta-de-empleo\\\/#primaryimage\"},\"image\":{\"@id\":\"https:\\\/\\\/avirato.com\\\/EN\\\/solicitud-oferta-de-empleo\\\/#primaryimage\"},\"thumbnailUrl\":\"https:\\\/\\\/s.w.org\\\/images\\\/core\\\/emoji\\\/12.0.0-1\\\/svg\\\/1f642.svg\",\"datePublished\":\"2022-12-28T09:11:17+00:00\",\"dateModified\":\"2023-03-30T15:49:16+00:00\",\"breadcrumb\":{\"@id\":\"https:\\\/\\\/avirato.com\\\/EN\\\/solicitud-oferta-de-empleo\\\/#breadcrumb\"},\"inLanguage\":\"en-GB\",\"potentialAction\":[{\"@type\":\"ReadAction\",\"target\":[\"https:\\\/\\\/avirato.com\\\/EN\\\/solicitud-oferta-de-empleo\\\/\"]}]},{\"@type\":\"ImageObject\",\"inLanguage\":\"en-GB\",\"@id\":\"https:\\\/\\\/avirato.com\\\/EN\\\/solicitud-oferta-de-empleo\\\/#primaryimage\",\"url\":\"https:\\\/\\\/s.w.org\\\/images\\\/core\\\/emoji\\\/12.0.0-1\\\/svg\\\/1f642.svg\",\"contentUrl\":\"https:\\\/\\\/s.w.org\\\/images\\\/core\\\/emoji\\\/12.0.0-1\\\/svg\\\/1f642.svg\"},{\"@type\":\"BreadcrumbList\",\"@id\":\"https:\\\/\\\/avirato.com\\\/EN\\\/solicitud-oferta-de-empleo\\\/#breadcrumb\",\"itemListElement\":[{\"@type\":\"ListItem\",\"position\":1,\"name\":\"Portada\",\"item\":\"https:\\\/\\\/avirato.com\\\/EN\\\/\"},{\"@type\":\"ListItem\",\"position\":2,\"name\":\"Solicitud Oferta de Empleo\"}]},{\"@type\":\"WebSite\",\"@id\":\"https:\\\/\\\/avirato.com\\\/EN\\\/#website\",\"url\":\"https:\\\/\\\/avirato.com\\\/EN\\\/\",\"name\":\"Hotel management software | Avirato\",\"description\":\"Avirato Hotel Management Software with PMS Channel Manager, booking engine and more\",\"publisher\":{\"@id\":\"https:\\\/\\\/avirato.com\\\/EN\\\/#organization\"},\"potentialAction\":[{\"@type\":\"SearchAction\",\"target\":{\"@type\":\"EntryPoint\",\"urlTemplate\":\"https:\\\/\\\/avirato.com\\\/EN\\\/?s={search_term_string}\"},\"query-input\":{\"@type\":\"PropertyValueSpecification\",\"valueRequired\":true,\"valueName\":\"search_term_string\"}}],\"inLanguage\":\"en-GB\"},{\"@type\":\"Organization\",\"@id\":\"https:\\\/\\\/avirato.com\\\/EN\\\/#organization\",\"name\":\"Hotel management software | Avirato\",\"url\":\"https:\\\/\\\/avirato.com\\\/EN\\\/\",\"logo\":{\"@type\":\"ImageObject\",\"inLanguage\":\"en-GB\",\"@id\":\"https:\\\/\\\/avirato.com\\\/EN\\\/#\\\/schema\\\/logo\\\/image\\\/\",\"url\":\"https:\\\/\\\/avirato.com\\\/EN\\\/wp-content\\\/uploads\\\/aviratologo-white.svg\",\"contentUrl\":\"https:\\\/\\\/avirato.com\\\/EN\\\/wp-content\\\/uploads\\\/aviratologo-white.svg\",\"width\":115,\"height\":29,\"caption\":\"Hotel management software | Avirato\"},\"image\":{\"@id\":\"https:\\\/\\\/avirato.com\\\/EN\\\/#\\\/schema\\\/logo\\\/image\\\/\"},\"sameAs\":[\"https:\\\/\\\/www.facebook.com\\\/AviratoSoftware\",\"https:\\\/\\\/x.com\\\/aviratosoftware\",\"https:\\\/\\\/www.instagram.com\\\/avirato_software\",\"https:\\\/\\\/es.linkedin.com\\\/company\\\/avirato\"]}]}<\/script>\n<!-- \/ Yoast SEO Premium plugin. -->","yoast_head_json":{"title":"Solicitud Oferta de Empleo - Hotel Management Software","robots":{"index":"index","follow":"follow","max-snippet":"max-snippet:-1","max-image-preview":"max-image-preview:large","max-video-preview":"max-video-preview:-1"},"canonical":"https:\/\/avirato.com\/EN\/solicitud-oferta-de-empleo\/","og_locale":"en_GB","og_type":"article","og_title":"Solicitud Oferta de Empleo","og_description":"\u00bfQuieres trabajar con nosotros? Selecciona la oferta a la que quieres inscribirte y adjunta tu CV. En Avirato tenemos nuestra misi\u00f3n y nuestro camino, pero te necesitamos para poder cumplirlo. Si te gusta lo que haces, te encanta aprender y ayudar por igual, y quieres ayudarnos a seguir construyendo y ofreciendo a los clientes las [&hellip;]","og_url":"https:\/\/avirato.com\/EN\/solicitud-oferta-de-empleo\/","og_site_name":"Hotel Management Software","article_publisher":"https:\/\/www.facebook.com\/AviratoSoftware","article_modified_time":"2023-03-30T15:49:16+00:00","og_image":[{"url":"https:\/\/s.w.org\/images\/core\/emoji\/12.0.0-1\/svg\/1f642.svg","type":"","width":"","height":""}],"twitter_card":"summary_large_image","twitter_site":"@aviratosoftware","schema":{"@context":"https:\/\/schema.org","@graph":[{"@type":"WebPage","@id":"https:\/\/avirato.com\/EN\/solicitud-oferta-de-empleo\/","url":"https:\/\/avirato.com\/EN\/solicitud-oferta-de-empleo\/","name":"Solicitud Oferta de Empleo - Hotel Management Software","isPartOf":{"@id":"https:\/\/avirato.com\/EN\/#website"},"primaryImageOfPage":{"@id":"https:\/\/avirato.com\/EN\/solicitud-oferta-de-empleo\/#primaryimage"},"image":{"@id":"https:\/\/avirato.com\/EN\/solicitud-oferta-de-empleo\/#primaryimage"},"thumbnailUrl":"https:\/\/s.w.org\/images\/core\/emoji\/12.0.0-1\/svg\/1f642.svg","datePublished":"2022-12-28T09:11:17+00:00","dateModified":"2023-03-30T15:49:16+00:00","breadcrumb":{"@id":"https:\/\/avirato.com\/EN\/solicitud-oferta-de-empleo\/#breadcrumb"},"inLanguage":"en-GB","potentialAction":[{"@type":"ReadAction","target":["https:\/\/avirato.com\/EN\/solicitud-oferta-de-empleo\/"]}]},{"@type":"ImageObject","inLanguage":"en-GB","@id":"https:\/\/avirato.com\/EN\/solicitud-oferta-de-empleo\/#primaryimage","url":"https:\/\/s.w.org\/images\/core\/emoji\/12.0.0-1\/svg\/1f642.svg","contentUrl":"https:\/\/s.w.org\/images\/core\/emoji\/12.0.0-1\/svg\/1f642.svg"},{"@type":"BreadcrumbList","@id":"https:\/\/avirato.com\/EN\/solicitud-oferta-de-empleo\/#breadcrumb","itemListElement":[{"@type":"ListItem","position":1,"name":"Portada","item":"https:\/\/avirato.com\/EN\/"},{"@type":"ListItem","position":2,"name":"Solicitud Oferta de Empleo"}]},{"@type":"WebSite","@id":"https:\/\/avirato.com\/EN\/#website","url":"https:\/\/avirato.com\/EN\/","name":"Hotel management software | Avirato","description":"Avirato Hotel Management Software with PMS Channel Manager, booking engine and more","publisher":{"@id":"https:\/\/avirato.com\/EN\/#organization"},"potentialAction":[{"@type":"SearchAction","target":{"@type":"EntryPoint","urlTemplate":"https:\/\/avirato.com\/EN\/?s={search_term_string}"},"query-input":{"@type":"PropertyValueSpecification","valueRequired":true,"valueName":"search_term_string"}}],"inLanguage":"en-GB"},{"@type":"Organization","@id":"https:\/\/avirato.com\/EN\/#organization","name":"Hotel management software | Avirato","url":"https:\/\/avirato.com\/EN\/","logo":{"@type":"ImageObject","inLanguage":"en-GB","@id":"https:\/\/avirato.com\/EN\/#\/schema\/logo\/image\/","url":"https:\/\/avirato.com\/EN\/wp-content\/uploads\/aviratologo-white.svg","contentUrl":"https:\/\/avirato.com\/EN\/wp-content\/uploads\/aviratologo-white.svg","width":115,"height":29,"caption":"Hotel management software | Avirato"},"image":{"@id":"https:\/\/avirato.com\/EN\/#\/schema\/logo\/image\/"},"sameAs":["https:\/\/www.facebook.com\/AviratoSoftware","https:\/\/x.com\/aviratosoftware","https:\/\/www.instagram.com\/avirato_software","https:\/\/es.linkedin.com\/company\/avirato"]}]}},"_links":{"self":[{"href":"https:\/\/avirato.com\/EN\/wp-json\/wp\/v2\/pages\/774","targetHints":{"allow":["GET"]}}],"collection":[{"href":"https:\/\/avirato.com\/EN\/wp-json\/wp\/v2\/pages"}],"about":[{"href":"https:\/\/avirato.com\/EN\/wp-json\/wp\/v2\/types\/page"}],"author":[{"embeddable":true,"href":"https:\/\/avirato.com\/EN\/wp-json\/wp\/v2\/users\/1"}],"replies":[{"embeddable":true,"href":"https:\/\/avirato.com\/EN\/wp-json\/wp\/v2\/comments?post=774"}],"version-history":[{"count":0,"href":"https:\/\/avirato.com\/EN\/wp-json\/wp\/v2\/pages\/774\/revisions"}],"wp:attachment":[{"href":"https:\/\/avirato.com\/EN\/wp-json\/wp\/v2\/media?parent=774"}],"curies":[{"name":"wp","href":"https:\/\/api.w.org\/{rel}","templated":true}]}}