{"id":702,"date":"2022-12-28T09:10:48","date_gmt":"2022-12-28T09:10:48","guid":{"rendered":"https:\/\/avirato.com\/fr\/ocr-aviscan-escaner-de-documentos-para-hoteles\/"},"modified":"2023-04-12T11:51:27","modified_gmt":"2023-04-12T11:51:27","slug":"ocr-aviscan-scanner-de-documents-pour-hotels","status":"publish","type":"page","link":"https:\/\/avirato.com\/fr\/ocr-aviscan-scanner-de-documents-pour-hotels\/","title":{"rendered":"OCR Aviscan Scanner de documents pour h\u00f4tels"},"content":{"rendered":"\t\t<div data-elementor-type=\"wp-post\" data-elementor-id=\"702\" class=\"elementor elementor-702\" data-elementor-post-type=\"page\">\n\t\t\t\t<div class=\"elementor-element elementor-element-1c307aef e-flex e-con-boxed e-con e-parent\" data-id=\"1c307aef\" data-element_type=\"container\" data-e-type=\"container\">\n\t\t\t\t\t<div class=\"e-con-inner\">\n\t\t\t\t<div class=\"elementor-element elementor-element-75ce1d14 elementor-widget elementor-widget-image\" data-id=\"75ce1d14\" data-element_type=\"widget\" data-e-type=\"widget\" data-widget_type=\"image.default\">\n\t\t\t\t<div class=\"elementor-widget-container\">\n\t\t\t\t\t\t\t\t\t\t\t\t\t\t\t<img decoding=\"async\" width=\"210\" height=\"210\" src=\"https:\/\/avirato.com\/fr\/wp-content\/uploads\/AviScan_Logo.png\" class=\"attachment-large size-large wp-image-703\" alt=\"\" srcset=\"https:\/\/avirato.com\/fr\/wp-content\/uploads\/AviScan_Logo.png 210w, https:\/\/avirato.com\/fr\/wp-content\/uploads\/AviScan_Logo-150x150.png 150w\" sizes=\"(max-width: 210px) 100vw, 210px\" \/>\t\t\t\t\t\t\t\t\t\t\t\t\t\t\t<\/div>\n\t\t\t\t<\/div>\n\t\t\t\t<div class=\"elementor-element elementor-element-3d18344e elementor-widget elementor-widget-heading\" data-id=\"3d18344e\" data-element_type=\"widget\" data-e-type=\"widget\" data-widget_type=\"heading.default\">\n\t\t\t\t<div class=\"elementor-widget-container\">\n\t\t\t\t\t<h2 class=\"elementor-heading-title elementor-size-default\">AviScan<\/h2>\t\t\t\t<\/div>\n\t\t\t\t<\/div>\n\t\t\t\t\t<\/div>\n\t\t\t\t<\/div>\n\t\t<div class=\"elementor-element elementor-element-188a4dbe e-flex e-con-boxed e-con e-parent\" data-id=\"188a4dbe\" data-element_type=\"container\" data-e-type=\"container\">\n\t\t\t\t\t<div class=\"e-con-inner\">\n\t\t\t\t<div class=\"elementor-element elementor-element-2818aa82 elementor-widget elementor-widget-text-editor\" data-id=\"2818aa82\" data-element_type=\"widget\" data-e-type=\"widget\" data-widget_type=\"text-editor.default\">\n\t\t\t\t<div class=\"elementor-widget-container\">\n\t\t\t\t\t\t\t\t\t<p>Le scanner pour les t\u00e9l\u00e9phones mobiles et les ordinateurs, en particulier dans les h\u00f4tels<\/p>\t\t\t\t\t\t\t\t<\/div>\n\t\t\t\t<\/div>\n\t\t\t\t<div class=\"elementor-element elementor-element-35a572e2 elementor-align-center elementor-mobile-align-justify elementor-widget elementor-widget-button\" data-id=\"35a572e2\" data-element_type=\"widget\" data-e-type=\"widget\" data-widget_type=\"button.default\">\n\t\t\t\t<div class=\"elementor-widget-container\">\n\t\t\t\t\t\t\t\t\t<div class=\"elementor-button-wrapper\">\n\t\t\t\t\t<a class=\"elementor-button elementor-button-link elementor-size-sm\" href=\"https:\/\/avirato.com\/fr\/pms\/\">\n\t\t\t\t\t\t<span class=\"elementor-button-content-wrapper\">\n\t\t\t\t\t\t\t\t\t<span class=\"elementor-button-text\">En savoir plus<\/span>\n\t\t\t\t\t<\/span>\n\t\t\t\t\t<\/a>\n\t\t\t\t<\/div>\n\t\t\t\t\t\t\t\t<\/div>\n\t\t\t\t<\/div>\n\t\t\t\t\t<\/div>\n\t\t\t\t<\/div>\n\t\t<div class=\"elementor-element elementor-element-7f2021cd e-flex e-con-boxed e-con e-parent\" data-id=\"7f2021cd\" data-element_type=\"container\" data-e-type=\"container\">\n\t\t\t\t\t<div class=\"e-con-inner\">\n\t\t<div class=\"elementor-element elementor-element-425fa706 e-con-full e-flex e-con e-child\" data-id=\"425fa706\" data-element_type=\"container\" data-e-type=\"container\">\n\t\t\t\t<div class=\"elementor-element elementor-element-4aecc703 elementor-invisible elementor-widget elementor-widget-heading\" data-id=\"4aecc703\" data-element_type=\"widget\" data-e-type=\"widget\" data-settings=\"{&quot;_animation&quot;:&quot;fadeInLeft&quot;,&quot;_animation_delay&quot;:500}\" data-widget_type=\"heading.default\">\n\t\t\t\t<div class=\"elementor-widget-container\">\n\t\t\t\t\t<h2 class=\"elementor-heading-title elementor-size-default\">Oubliez les lecteurs de documents<\/h2>\t\t\t\t<\/div>\n\t\t\t\t<\/div>\n\t\t\t\t<div class=\"elementor-element elementor-element-312425d4 elementor-widget elementor-widget-text-editor\" data-id=\"312425d4\" data-element_type=\"widget\" data-e-type=\"widget\" data-widget_type=\"text-editor.default\">\n\t\t\t\t<div class=\"elementor-widget-container\">\n\t\t\t\t\t\t\t\t\t<p><strong>OCR AviScan<\/strong> est la solution id\u00e9ale pour la saisie des donn\u00e9es des clients dans tout type d&rsquo;\u00e9tablissement h\u00f4telier (h\u00f4tels, auberges, appartements, camping, g\u00eetes ruraux, etc.)<\/p><p>Int\u00e9gr\u00e9 \u00e0 Avirato PMS, <strong>OCR AviScan<\/strong> scanne le texte et\/ou les images, transf\u00e9rant les donn\u00e9es des clients directement sur votre carte. Passeports et cartes d&rsquo;identit\u00e9 espagnoles.<\/p><p>OCR AviScan vous permettra de saisir facilement les donn\u00e9es de vos clients.<\/p>\t\t\t\t\t\t\t\t<\/div>\n\t\t\t\t<\/div>\n\t\t\t\t<\/div>\n\t\t<div class=\"elementor-element elementor-element-5a5552e1 e-con-full e-flex e-con e-child\" data-id=\"5a5552e1\" data-element_type=\"container\" data-e-type=\"container\">\n\t\t\t\t<div class=\"elementor-element elementor-element-6fd475f2 elementor-widget elementor-widget-html\" data-id=\"6fd475f2\" data-element_type=\"widget\" data-e-type=\"widget\" data-widget_type=\"html.default\">\n\t\t\t\t<div class=\"elementor-widget-container\">\n\t\t\t\t\t<video style=\"border-radius:20px;\"  autoplay loop muted loading=\"lazy\">\r\n  <source src=\"https:\/\/avirato.com\/wp-content\/uploads\/2022\/09\/Avirato-2.03.mp4\">\r\n<\/video>\t\t\t\t<\/div>\n\t\t\t\t<\/div>\n\t\t\t\t<\/div>\n\t\t\t\t\t<\/div>\n\t\t\t\t<\/div>\n\t\t<div class=\"elementor-element elementor-element-537c78c6 e-flex e-con-boxed e-con e-parent\" data-id=\"537c78c6\" data-element_type=\"container\" data-e-type=\"container\">\n\t\t\t\t\t<div class=\"e-con-inner\">\n\t\t<div class=\"elementor-element elementor-element-79595c61 e-con-full e-flex e-con e-child\" data-id=\"79595c61\" data-element_type=\"container\" data-e-type=\"container\">\n\t\t\t\t<div class=\"elementor-element elementor-element-4b35dc0b elementor-align-left elementor-widget elementor-widget-lottie\" data-id=\"4b35dc0b\" data-element_type=\"widget\" data-e-type=\"widget\" data-settings=\"{&quot;source_json&quot;:{&quot;url&quot;:&quot;https:\\\/\\\/avirato.com\\\/fr\\\/wp-content\\\/uploads\\\/OCR_SCAN.json&quot;,&quot;id&quot;:704,&quot;size&quot;:&quot;&quot;},&quot;loop&quot;:&quot;yes&quot;,&quot;lazyload&quot;:&quot;yes&quot;,&quot;source&quot;:&quot;media_file&quot;,&quot;caption_source&quot;:&quot;none&quot;,&quot;link_to&quot;:&quot;none&quot;,&quot;trigger&quot;:&quot;arriving_to_viewport&quot;,&quot;viewport&quot;:{&quot;unit&quot;:&quot;%&quot;,&quot;size&quot;:&quot;&quot;,&quot;sizes&quot;:{&quot;start&quot;:0,&quot;end&quot;:100}},&quot;play_speed&quot;:{&quot;unit&quot;:&quot;px&quot;,&quot;size&quot;:1,&quot;sizes&quot;:[]},&quot;start_point&quot;:{&quot;unit&quot;:&quot;%&quot;,&quot;size&quot;:0,&quot;sizes&quot;:[]},&quot;end_point&quot;:{&quot;unit&quot;:&quot;%&quot;,&quot;size&quot;:100,&quot;sizes&quot;:[]},&quot;renderer&quot;:&quot;svg&quot;}\" data-widget_type=\"lottie.default\">\n\t\t\t\t<div class=\"elementor-widget-container\">\n\t\t\t\t\t<div class=\"e-lottie__container\"><div class=\"e-lottie__animation\"><\/div><\/div>\t\t\t\t<\/div>\n\t\t\t\t<\/div>\n\t\t\t\t<\/div>\n\t\t<div class=\"elementor-element elementor-element-581232cf e-con-full e-flex e-con e-child\" data-id=\"581232cf\" data-element_type=\"container\" data-e-type=\"container\">\n\t\t\t\t<div class=\"elementor-element elementor-element-37122b33 elementor-widget elementor-widget-text-editor\" data-id=\"37122b33\" data-element_type=\"widget\" data-e-type=\"widget\" data-widget_type=\"text-editor.default\">\n\t\t\t\t<div class=\"elementor-widget-container\">\n\t\t\t\t\t\t\t\t\t<p class=\"p1\">Contactez nos experts et laissez-les vous guider dans l&rsquo;\u00e9laboration d&rsquo;une strat\u00e9gie de communication sur mesure pour dynamiser votre entreprise.<\/p>\t\t\t\t\t\t\t\t<\/div>\n\t\t\t\t<\/div>\n\t\t\t\t<div class=\"elementor-element elementor-element-b00561b elementor-align-left elementor-mobile-align-justify elementor-invisible elementor-widget elementor-widget-button\" data-id=\"b00561b\" data-element_type=\"widget\" data-e-type=\"widget\" data-settings=\"{&quot;_animation&quot;:&quot;zoomIn&quot;}\" data-widget_type=\"button.default\">\n\t\t\t\t<div class=\"elementor-widget-container\">\n\t\t\t\t\t\t\t\t\t<div class=\"elementor-button-wrapper\">\n\t\t\t\t\t<a class=\"elementor-button elementor-button-link elementor-size-sm\" href=\"https:\/\/avirato.com\/fr\/contact\/\">\n\t\t\t\t\t\t<span class=\"elementor-button-content-wrapper\">\n\t\t\t\t\t\t\t\t\t<span class=\"elementor-button-text\">Contact<\/span>\n\t\t\t\t\t<\/span>\n\t\t\t\t\t<\/a>\n\t\t\t\t<\/div>\n\t\t\t\t\t\t\t\t<\/div>\n\t\t\t\t<\/div>\n\t\t\t\t<\/div>\n\t\t\t\t\t<\/div>\n\t\t\t\t<\/div>\n\t\t\t\t<\/div>\n\t\t","protected":false},"excerpt":{"rendered":"<p>AviScan Le scanner pour les t\u00e9l\u00e9phones mobiles et les ordinateurs, en particulier dans les h\u00f4tels En savoir plus Oubliez les lecteurs de documents OCR AviScan est la solution id\u00e9ale pour la saisie des donn\u00e9es des clients dans tout type d&rsquo;\u00e9tablissement h\u00f4telier (h\u00f4tels, auberges, appartements, camping, g\u00eetes ruraux, etc.) Int\u00e9gr\u00e9 \u00e0 Avirato PMS, OCR AviScan scanne [&hellip;]<\/p>\n","protected":false},"author":1,"featured_media":0,"parent":0,"menu_order":0,"comment_status":"closed","ping_status":"closed","template":"elementor_header_footer","meta":{"_acf_changed":false,"footnotes":""},"class_list":["post-702","page","type-page","status-publish","hentry"],"acf":[],"yoast_head":"<!-- This site is optimized with the Yoast SEO Premium plugin v20.4 (Yoast SEO v27.5) - https:\/\/yoast.com\/product\/yoast-seo-premium-wordpress\/ -->\n<title>OCR Aviscan Scanner de documents pour h\u00f4tels | Avirato<\/title>\n<meta name=\"robots\" content=\"index, follow, max-snippet:-1, max-image-preview:large, max-video-preview:-1\" \/>\n<link rel=\"canonical\" href=\"https:\/\/avirato.com\/fr\/ocr-aviscan-scanner-de-documents-pour-hotels\/\" \/>\n<meta property=\"og:locale\" content=\"fr_FR\" \/>\n<meta property=\"og:type\" content=\"article\" \/>\n<meta property=\"og:title\" content=\"OCR Aviscan Scanner de documents pour h\u00f4tels\" \/>\n<meta property=\"og:description\" content=\"AviScan Le scanner pour les t\u00e9l\u00e9phones mobiles et les ordinateurs, en particulier dans les h\u00f4tels En savoir plus Oubliez les lecteurs de documents OCR AviScan est la solution id\u00e9ale pour la saisie des donn\u00e9es des clients dans tout type d&rsquo;\u00e9tablissement h\u00f4telier (h\u00f4tels, auberges, appartements, camping, g\u00eetes ruraux, etc.) Int\u00e9gr\u00e9 \u00e0 Avirato PMS, OCR AviScan scanne [&hellip;]\" \/>\n<meta property=\"og:url\" content=\"https:\/\/avirato.com\/fr\/ocr-aviscan-scanner-de-documents-pour-hotels\/\" \/>\n<meta property=\"og:site_name\" content=\"Hotel Management Software\" \/>\n<meta property=\"article:publisher\" content=\"https:\/\/www.facebook.com\/AviratoSoftware\" \/>\n<meta property=\"article:modified_time\" content=\"2023-04-12T11:51:27+00:00\" \/>\n<meta property=\"og:image\" content=\"https:\/\/avirato.com\/fr\/wp-content\/uploads\/AviScan_Logo.png\" \/>\n<meta name=\"twitter:card\" content=\"summary_large_image\" \/>\n<meta name=\"twitter:site\" content=\"@aviratosoftware\" \/>\n<script type=\"application\/ld+json\" class=\"yoast-schema-graph\">{\"@context\":\"https:\\\/\\\/schema.org\",\"@graph\":[{\"@type\":\"WebPage\",\"@id\":\"https:\\\/\\\/avirato.com\\\/fr\\\/ocr-aviscan-scanner-de-documents-pour-hotels\\\/\",\"url\":\"https:\\\/\\\/avirato.com\\\/fr\\\/ocr-aviscan-scanner-de-documents-pour-hotels\\\/\",\"name\":\"OCR Aviscan Scanner de documents pour h\u00f4tels | Avirato\",\"isPartOf\":{\"@id\":\"https:\\\/\\\/avirato.com\\\/fr\\\/#website\"},\"primaryImageOfPage\":{\"@id\":\"https:\\\/\\\/avirato.com\\\/fr\\\/ocr-aviscan-scanner-de-documents-pour-hotels\\\/#primaryimage\"},\"image\":{\"@id\":\"https:\\\/\\\/avirato.com\\\/fr\\\/ocr-aviscan-scanner-de-documents-pour-hotels\\\/#primaryimage\"},\"thumbnailUrl\":\"https:\\\/\\\/avirato.com\\\/fr\\\/wp-content\\\/uploads\\\/AviScan_Logo.png\",\"datePublished\":\"2022-12-28T09:10:48+00:00\",\"dateModified\":\"2023-04-12T11:51:27+00:00\",\"breadcrumb\":{\"@id\":\"https:\\\/\\\/avirato.com\\\/fr\\\/ocr-aviscan-scanner-de-documents-pour-hotels\\\/#breadcrumb\"},\"inLanguage\":\"fr-FR\",\"potentialAction\":[{\"@type\":\"ReadAction\",\"target\":[\"https:\\\/\\\/avirato.com\\\/fr\\\/ocr-aviscan-scanner-de-documents-pour-hotels\\\/\"]}]},{\"@type\":\"ImageObject\",\"inLanguage\":\"fr-FR\",\"@id\":\"https:\\\/\\\/avirato.com\\\/fr\\\/ocr-aviscan-scanner-de-documents-pour-hotels\\\/#primaryimage\",\"url\":\"https:\\\/\\\/avirato.com\\\/fr\\\/wp-content\\\/uploads\\\/AviScan_Logo.png\",\"contentUrl\":\"https:\\\/\\\/avirato.com\\\/fr\\\/wp-content\\\/uploads\\\/AviScan_Logo.png\",\"width\":210,\"height\":210},{\"@type\":\"BreadcrumbList\",\"@id\":\"https:\\\/\\\/avirato.com\\\/fr\\\/ocr-aviscan-scanner-de-documents-pour-hotels\\\/#breadcrumb\",\"itemListElement\":[{\"@type\":\"ListItem\",\"position\":1,\"name\":\"Portada\",\"item\":\"https:\\\/\\\/avirato.com\\\/fr\\\/\"},{\"@type\":\"ListItem\",\"position\":2,\"name\":\"OCR Aviscan Scanner de documents pour h\u00f4tels\"}]},{\"@type\":\"WebSite\",\"@id\":\"https:\\\/\\\/avirato.com\\\/fr\\\/#website\",\"url\":\"https:\\\/\\\/avirato.com\\\/fr\\\/\",\"name\":\"Hotel management software | Avirato\",\"description\":\"Avirato Hotel Management Software with PMS Channel Manager, booking engine and more\",\"publisher\":{\"@id\":\"https:\\\/\\\/avirato.com\\\/fr\\\/#organization\"},\"potentialAction\":[{\"@type\":\"SearchAction\",\"target\":{\"@type\":\"EntryPoint\",\"urlTemplate\":\"https:\\\/\\\/avirato.com\\\/fr\\\/?s={search_term_string}\"},\"query-input\":{\"@type\":\"PropertyValueSpecification\",\"valueRequired\":true,\"valueName\":\"search_term_string\"}}],\"inLanguage\":\"fr-FR\"},{\"@type\":\"Organization\",\"@id\":\"https:\\\/\\\/avirato.com\\\/fr\\\/#organization\",\"name\":\"Hotel management software | Avirato\",\"url\":\"https:\\\/\\\/avirato.com\\\/fr\\\/\",\"logo\":{\"@type\":\"ImageObject\",\"inLanguage\":\"fr-FR\",\"@id\":\"https:\\\/\\\/avirato.com\\\/fr\\\/#\\\/schema\\\/logo\\\/image\\\/\",\"url\":\"https:\\\/\\\/avirato.com\\\/fr\\\/wp-content\\\/uploads\\\/aviratologo-white.svg\",\"contentUrl\":\"https:\\\/\\\/avirato.com\\\/fr\\\/wp-content\\\/uploads\\\/aviratologo-white.svg\",\"width\":115,\"height\":29,\"caption\":\"Hotel management software | Avirato\"},\"image\":{\"@id\":\"https:\\\/\\\/avirato.com\\\/fr\\\/#\\\/schema\\\/logo\\\/image\\\/\"},\"sameAs\":[\"https:\\\/\\\/www.facebook.com\\\/AviratoSoftware\",\"https:\\\/\\\/x.com\\\/aviratosoftware\",\"https:\\\/\\\/www.instagram.com\\\/avirato_software\",\"https:\\\/\\\/es.linkedin.com\\\/company\\\/avirato\"]}]}<\/script>\n<!-- \/ Yoast SEO Premium plugin. -->","yoast_head_json":{"title":"OCR Aviscan Scanner de documents pour h\u00f4tels | Avirato","robots":{"index":"index","follow":"follow","max-snippet":"max-snippet:-1","max-image-preview":"max-image-preview:large","max-video-preview":"max-video-preview:-1"},"canonical":"https:\/\/avirato.com\/fr\/ocr-aviscan-scanner-de-documents-pour-hotels\/","og_locale":"fr_FR","og_type":"article","og_title":"OCR Aviscan Scanner de documents pour h\u00f4tels","og_description":"AviScan Le scanner pour les t\u00e9l\u00e9phones mobiles et les ordinateurs, en particulier dans les h\u00f4tels En savoir plus Oubliez les lecteurs de documents OCR AviScan est la solution id\u00e9ale pour la saisie des donn\u00e9es des clients dans tout type d&rsquo;\u00e9tablissement h\u00f4telier (h\u00f4tels, auberges, appartements, camping, g\u00eetes ruraux, etc.) Int\u00e9gr\u00e9 \u00e0 Avirato PMS, OCR AviScan scanne [&hellip;]","og_url":"https:\/\/avirato.com\/fr\/ocr-aviscan-scanner-de-documents-pour-hotels\/","og_site_name":"Hotel Management Software","article_publisher":"https:\/\/www.facebook.com\/AviratoSoftware","article_modified_time":"2023-04-12T11:51:27+00:00","og_image":[{"url":"https:\/\/avirato.com\/fr\/wp-content\/uploads\/AviScan_Logo.png","type":"","width":"","height":""}],"twitter_card":"summary_large_image","twitter_site":"@aviratosoftware","schema":{"@context":"https:\/\/schema.org","@graph":[{"@type":"WebPage","@id":"https:\/\/avirato.com\/fr\/ocr-aviscan-scanner-de-documents-pour-hotels\/","url":"https:\/\/avirato.com\/fr\/ocr-aviscan-scanner-de-documents-pour-hotels\/","name":"OCR Aviscan Scanner de documents pour h\u00f4tels | Avirato","isPartOf":{"@id":"https:\/\/avirato.com\/fr\/#website"},"primaryImageOfPage":{"@id":"https:\/\/avirato.com\/fr\/ocr-aviscan-scanner-de-documents-pour-hotels\/#primaryimage"},"image":{"@id":"https:\/\/avirato.com\/fr\/ocr-aviscan-scanner-de-documents-pour-hotels\/#primaryimage"},"thumbnailUrl":"https:\/\/avirato.com\/fr\/wp-content\/uploads\/AviScan_Logo.png","datePublished":"2022-12-28T09:10:48+00:00","dateModified":"2023-04-12T11:51:27+00:00","breadcrumb":{"@id":"https:\/\/avirato.com\/fr\/ocr-aviscan-scanner-de-documents-pour-hotels\/#breadcrumb"},"inLanguage":"fr-FR","potentialAction":[{"@type":"ReadAction","target":["https:\/\/avirato.com\/fr\/ocr-aviscan-scanner-de-documents-pour-hotels\/"]}]},{"@type":"ImageObject","inLanguage":"fr-FR","@id":"https:\/\/avirato.com\/fr\/ocr-aviscan-scanner-de-documents-pour-hotels\/#primaryimage","url":"https:\/\/avirato.com\/fr\/wp-content\/uploads\/AviScan_Logo.png","contentUrl":"https:\/\/avirato.com\/fr\/wp-content\/uploads\/AviScan_Logo.png","width":210,"height":210},{"@type":"BreadcrumbList","@id":"https:\/\/avirato.com\/fr\/ocr-aviscan-scanner-de-documents-pour-hotels\/#breadcrumb","itemListElement":[{"@type":"ListItem","position":1,"name":"Portada","item":"https:\/\/avirato.com\/fr\/"},{"@type":"ListItem","position":2,"name":"OCR Aviscan Scanner de documents pour h\u00f4tels"}]},{"@type":"WebSite","@id":"https:\/\/avirato.com\/fr\/#website","url":"https:\/\/avirato.com\/fr\/","name":"Hotel management software | Avirato","description":"Avirato Hotel Management Software with PMS Channel Manager, booking engine and more","publisher":{"@id":"https:\/\/avirato.com\/fr\/#organization"},"potentialAction":[{"@type":"SearchAction","target":{"@type":"EntryPoint","urlTemplate":"https:\/\/avirato.com\/fr\/?s={search_term_string}"},"query-input":{"@type":"PropertyValueSpecification","valueRequired":true,"valueName":"search_term_string"}}],"inLanguage":"fr-FR"},{"@type":"Organization","@id":"https:\/\/avirato.com\/fr\/#organization","name":"Hotel management software | Avirato","url":"https:\/\/avirato.com\/fr\/","logo":{"@type":"ImageObject","inLanguage":"fr-FR","@id":"https:\/\/avirato.com\/fr\/#\/schema\/logo\/image\/","url":"https:\/\/avirato.com\/fr\/wp-content\/uploads\/aviratologo-white.svg","contentUrl":"https:\/\/avirato.com\/fr\/wp-content\/uploads\/aviratologo-white.svg","width":115,"height":29,"caption":"Hotel management software | Avirato"},"image":{"@id":"https:\/\/avirato.com\/fr\/#\/schema\/logo\/image\/"},"sameAs":["https:\/\/www.facebook.com\/AviratoSoftware","https:\/\/x.com\/aviratosoftware","https:\/\/www.instagram.com\/avirato_software","https:\/\/es.linkedin.com\/company\/avirato"]}]}},"_links":{"self":[{"href":"https:\/\/avirato.com\/fr\/wp-json\/wp\/v2\/pages\/702","targetHints":{"allow":["GET"]}}],"collection":[{"href":"https:\/\/avirato.com\/fr\/wp-json\/wp\/v2\/pages"}],"about":[{"href":"https:\/\/avirato.com\/fr\/wp-json\/wp\/v2\/types\/page"}],"author":[{"embeddable":true,"href":"https:\/\/avirato.com\/fr\/wp-json\/wp\/v2\/users\/1"}],"replies":[{"embeddable":true,"href":"https:\/\/avirato.com\/fr\/wp-json\/wp\/v2\/comments?post=702"}],"version-history":[{"count":0,"href":"https:\/\/avirato.com\/fr\/wp-json\/wp\/v2\/pages\/702\/revisions"}],"wp:attachment":[{"href":"https:\/\/avirato.com\/fr\/wp-json\/wp\/v2\/media?parent=702"}],"curies":[{"name":"wp","href":"https:\/\/api.w.org\/{rel}","templated":true}]}}